{"id":611,"date":"2025-03-10T17:08:11","date_gmt":"2025-03-10T17:08:11","guid":{"rendered":"https:\/\/frigoxpert.de\/?page_id=611"},"modified":"2025-03-11T07:42:09","modified_gmt":"2025-03-11T07:42:09","slug":"agb","status":"publish","type":"page","link":"https:\/\/frigoxpert.de\/index.php\/agb\/","title":{"rendered":"AGB"},"content":{"rendered":"\t\t<div data-elementor-type=\"wp-page\" data-elementor-id=\"611\" class=\"elementor elementor-611\" data-elementor-post-type=\"page\">\n\t\t\t\t<div data-particle_enable=\"false\" data-particle-mobile-disabled=\"false\" class=\"elementor-element elementor-element-cb4a779 e-con-full e-flex e-con e-parent\" data-id=\"cb4a779\" data-element_type=\"container\" data-e-type=\"container\">\n\t\t<div data-particle_enable=\"false\" data-particle-mobile-disabled=\"false\" class=\"elementor-element elementor-element-35927ad e-con-full e-flex e-con e-child\" data-id=\"35927ad\" data-element_type=\"container\" data-e-type=\"container\">\n\t\t\t\t<div class=\"elementor-element elementor-element-5eb1814 elementor-widget elementor-widget-text-editor\" data-id=\"5eb1814\" data-element_type=\"widget\" data-e-type=\"widget\" data-widget_type=\"text-editor.default\">\n\t\t\t\t<div class=\"elementor-widget-container\">\n\t\t\t\t\t\t\t\t\t<p><strong>Allgemeine Gesch\u00e4ftsbedingungen und Kundeninformationen<\/strong><br \/><br \/><strong>I. Allgemeine Gesch\u00e4ftsbedingungen<\/strong><br \/><br \/><strong>\u00a7 1 Grundlegende Bestimmungen<\/strong><br \/><br \/><strong>(1)<\/strong>\u00a0Die nachstehenden Gesch\u00e4ftsbedingungen gelten f\u00fcr Vertr\u00e4ge, die Sie mit uns als Anbieter\u00a0<strong>(FrigoXpert)<\/strong>\u00a0\u00fcber die Internetseite www.kaelteheld.com schlie\u00dfen. Soweit nicht anders vereinbart, wird der Einbeziehung gegebenenfalls von Ihnen verwendeter eigener Bedingungen widersprochen.<br \/><br \/><strong>(2)<\/strong>\u00a0Verbraucher im Sinne der nachstehenden Regelungen ist jede nat\u00fcrliche Person, die ein Rechtsgesch\u00e4ft zu Zwecken abschlie\u00dft, die \u00fcberwiegend weder ihrer gewerblichen noch ihrer selbst\u00e4ndigen beruflichen T\u00e4tigkeit zugerechnet werden kann. Unternehmer ist jede nat\u00fcrliche oder juristische Person oder eine rechtsf\u00e4hige Personengesellschaft, die bei Abschluss eines Rechtsgesch\u00e4fts in Aus\u00fcbung ihrer selbst\u00e4ndigen beruflichen oder gewerblichen T\u00e4tigkeit handelt.<br \/><br \/><strong>\u00a7 2 Zustandekommen des Vertrages<\/strong><br \/><br \/><strong>(1)<\/strong>\u00a0Gegenstand des Vertrages ist der Verkauf von Waren\u00a0und\/ oder die Erbringung von Montageleistungen.<br \/><br \/><strong>(2)<\/strong>\u00a0Bereits mit dem Einstellen des jeweiligen Produkts auf unserer Internetseite unterbreiten wir Ihnen ein verbindliches Angebot zum Abschluss eines Vertrages \u00fcber das Online-Warenkorbsystem zu den in der Artikelbeschreibung angegebenen Bedingungen.\u00a0<br \/><br \/><strong>(3)<\/strong>\u00a0Der Vertrag kommt \u00fcber das Online-Warenkorbsystem wie folgt zustande:<br \/>Die zum Kauf beabsichtigten Waren\u00a0werden im &#8222;Warenkorb&#8220; abgelegt. \u00dcber die entsprechende Schaltfl\u00e4che in der Navigationsleiste k\u00f6nnen Sie den &#8222;Warenkorb&#8220; aufrufen und dort jederzeit \u00c4nderungen vornehmen.<br \/>Nach Aufrufen der Seite &#8222;Kasse&#8220; und der Eingabe der pers\u00f6nlichen Daten sowie der Zahlungs- und Versandbedingungen werden Ihnen abschlie\u00dfend die Bestelldaten als Bestell\u00fcbersicht angezeigt.<br \/><br \/>Soweit Sie als Zahlungsart ein Sofortzahl-System (z.B. PayPal \/ PayPal Express, Amazon-Payments, Sofort\u00fcberweisung) nutzen, werden Sie entweder auf die Bestell\u00fcbersichtsseite in unserem Online-Shop gef\u00fchrt oder auf die Internetseite des Anbieters des Sofortzahl-Systems weitergeleitet.<br \/>Erfolgt eine Weiterleitung zu dem jeweiligen Sofortzahl-System, nehmen Sie dort die entsprechende Auswahl bzw. Eingabe Ihrer Daten vor. Abschlie\u00dfend werden Ihnen auf der Internetseite des Anbieters des Sofortzahl-Systems oder nachdem Sie zur\u00fcck in unseren Online-Shop geleitet wurden, die Bestelldaten als Bestell\u00fcbersicht angezeigt.<br \/><br \/>Vor Absenden der Bestellung haben Sie die M\u00f6glichkeit, die Angaben in der Bestell\u00fcbersicht nochmals zu \u00fcberpr\u00fcfen, zu \u00e4ndern (auch \u00fcber die Funktion &#8222;zur\u00fcck&#8220; des Internetbrowsers) bzw. die Bestellung abzubrechen.<br \/>Mit dem Absenden der Bestellung \u00fcber die entsprechende Schaltfl\u00e4che (&#8222;kostenpflichtig bestellen&#8220; oder \u00e4hnliche Bezeichnung) erkl\u00e4ren Sie rechtsverbindlich die Annahme des Angebotes, wodurch der Vertrag zustande kommt.<br \/><br \/><strong>(4)<\/strong>\u00a0Ihre Anfragen zur Erstellung eines Angebotes sind f\u00fcr Sie unverbindlich. Wir unterbreiten Ihnen hierzu ein verbindliches Angebot in Textform (z.B. per E-Mail), welches Sie innerhalb von 5 Tagen (soweit im jeweiligen Angebot keine andere Frist ausgewiesen ist) annehmen k\u00f6nnen.<br \/><br \/><strong>(5)<\/strong>\u00a0Die Abwicklung der Bestellung und \u00dcbermittlung aller im Zusammenhang mit dem Vertragsschluss erforderlichen Informationen erfolgt per E-Mail zum Teil automatisiert. Sie haben deshalb sicherzustellen, dass die von Ihnen bei uns hinterlegte E-Mail-Adresse zutreffend ist, der Empfang der E-Mails technisch sichergestellt und insbesondere nicht durch SPAM-Filter verhindert wird.<br \/>\u00a0<\/p><div><strong>\u00a7 3 Leistungserbringung bei Montageleistungen<\/strong><\/div><div>\u00a0<\/div><div><strong>(1)<\/strong>\u00a0Soweit Montageleistungen Vertragsgegenstand sind, schulden wir die sich aus der Leistungsbeschreibung ergebenden Montagearbeiten. Diese erbringen wir nach bestem Wissen und Gewissen pers\u00f6nlich oder durch Dritte.<\/div><div>\u00a0<\/div><div><strong>(2)<\/strong>\u00a0Die Leistungserbringung erfolgt zu den vereinbarten Terminen.<\/div><div>\u00a0<\/div><div><strong>(3)<\/strong>\u00a0Sie sind zur Mitwirkung verpflichtet. Insbesondere haben Sie zum Zeitpunkt der Erbringung der Montageleistungen die M\u00f6glichkeit zu bieten, die R\u00e4umlichkeiten in einem begehbaren und angemessen gefahrenfreien Zustand zu begehen. Des Weiteren sind Sie verpflichtet, uns soweit notwendig elektrische Energie und gegebenenfalls Wasser zur Verf\u00fcgung zu stellen. Wir sind berechtigt den Vertragsteil \u00fcber die Erbringung von Montageleistungen nach \u00a7 643 BGB zu k\u00fcndigen, soweit Sie Ihren Mitwirkungspflichten nicht nachkommen. Hierzu setzen wir Ihnen eine angemessene Frist, w\u00e4hrend der Sie die n\u00f6tigen Mitwirkungsleistungen nachholen k\u00f6nnen.<\/div><div>\u00a0<\/div><div><strong>(4)<\/strong>\u00a0Machen Sie von Ihrem K\u00fcndigungsrecht nach \u00a7 648 S. 1 BGB Gebrauch, k\u00f6nnen wir als pauschale Verg\u00fctung 10% der vereinbarten Verg\u00fctung verlangen, wenn die Ausf\u00fchrung noch nicht begonnen hat. Dies gilt bei Bestehen des gesetzlichen Widerrufsrechts jedoch nur, wenn Sie erst nach Ablauf der Widerrufsfrist von Ihrem K\u00fcndigungsrecht Gebrauch machen. Ihnen bleibt der Nachweis vorbehalten, dass uns tats\u00e4chlich keine oder wesentlich geringere Kosten entstanden sind.<\/div><div>\u00a0<\/div><p><strong>\u00a7 4 Besondere Vereinbarungen zu angebotenen Zahlungsarten<\/strong><br \/><br \/><strong>(1)\u00a0Zahlung \u00fcber Klarna<\/strong><br \/>In Zusammenarbeit mit\u00a0<a href=\"https:\/\/www.klarna.com\/de\/\" target=\"_blank\" rel=\"noopener\">Klarna Bank AB (publ)<\/a>, Sveav\u00e4gen 46, 111 34 Stockholm, Schweden, bieten wir die folgenden Zahlungsoptionen an. Die Zahlung erfolgt jeweils an Klarna:<\/p><ul><li><p dir=\"ltr\"><strong>Sofort\u00fcberweisung:<\/strong>\u00a0Verf\u00fcgbar in Deutschland. Die Belastung Ihres Kontos erfolgt unmittelbar nach Abgabe der Bestellung.<\/p><\/li><\/ul><p dir=\"ltr\">Weitere Informationen und Klarnas Nutzungsbedingungen finden Sie\u00a0<a href=\"https:\/\/cdn.klarna.com\/1.0\/shared\/content\/legal\/terms\/0\/de_de\/user\" target=\"_blank\" rel=\"noopener\">hier<\/a>. Allgemeine Informationen zu Klarna erhalten Sie\u00a0<a href=\"https:\/\/www.klarna.com\/de\/\" target=\"_blank\" rel=\"noopener\">hier<\/a>. Ihre Personenangaben werden von Klarna in \u00dcbereinstimmung mit den geltenden Datenschutzbestimmungen und entsprechend den Angaben in\u00a0<a href=\"https:\/\/cdn.klarna.com\/1.0\/shared\/content\/legal\/terms\/0\/de_de\/privacy\" target=\"_blank\" rel=\"noopener\">Klarnas Datenschutzbestimmungen<\/a>\u00a0behandelt.<\/p><p><br \/>Weitere Informationen \u00fcber Klarna finden Sie\u00a0<a href=\"https:\/\/www.klarna.com\/de\/smoooth-mehrzuklarna\/\" target=\"_blank\" rel=\"noopener\">hier<\/a>. Die Klarna App finden Sie\u00a0<a href=\"https:\/\/www.klarna.com\/de\/klarna-app\/\" target=\"_blank\" rel=\"noopener\">hier<\/a>.<br \/><br \/><strong>\u00a7 5 Zur\u00fcckbehaltungsrecht<\/strong><strong>, Eigentumsvorbehalt<\/strong><br \/><br \/><strong>(1)<\/strong>\u00a0Ein Zur\u00fcckbehaltungsrecht k\u00f6nnen Sie nur aus\u00fcben, soweit es sich um Forderungen aus demselben Vertragsverh\u00e4ltnis handelt.<br \/><br \/><strong>(2)<\/strong>\u00a0\u00a0Die Ware bleibt bis zur vollst\u00e4ndigen Zahlung des Kaufpreises unser Eigentum.<br \/><br \/><strong>(3)<\/strong>\u00a0 Sind Sie Unternehmer, gilt erg\u00e4nzend Folgendes:<br \/><br \/>a) Wir behalten uns das Eigentum an der Ware bis zum vollst\u00e4ndigen Ausgleich aller Forderungen aus der laufenden Gesch\u00e4ftsbeziehung vor. Vor \u00dcbergang des Eigentums an der Vorbehaltsware ist eine Verpf\u00e4ndung oder Sicherheits\u00fcbereignung nicht zul\u00e4ssig.<br \/><br \/>b) Sie k\u00f6nnen die Ware im ordentlichen Gesch\u00e4ftsgang weiterverkaufen. F\u00fcr diesen Fall treten Sie bereits jetzt alle Forderungen in H\u00f6he des Rechnungsbetrages, die Ihnen aus dem Weiterverkauf erwachsen, an uns ab, wir nehmen die Abtretung an. Sie sind weiter zur Einziehung der Forderung erm\u00e4chtigt. Soweit Sie Ihren Zahlungsverpflichtungen nicht ordnungsgem\u00e4\u00df nachkommen, behalten wir uns allerdings vor, die Forderung selbst einzuziehen.<br \/><br \/>c) Bei Verbindung und Vermischung der Vorbehaltsware erwerben wir Miteigentum an der neuen Sache im Verh\u00e4ltnis des Rechnungswertes der Vorbehaltsware zu den anderen verarbeiteten Gegenst\u00e4nden zum Zeitpunkt der Verarbeitung.<br \/><br \/>d) Wir verpflichten uns, die uns zustehenden Sicherheiten auf Ihr Verlangen insoweit freizugeben, als der realisierbare Wert unserer Sicherheiten die zu sichernde Forderung um mehr als 10% \u00fcbersteigt. Die Auswahl der freizugebenden Sicherheiten obliegt uns.<br \/><br \/><strong>\u00a7 6 Gew\u00e4hrleistung<\/strong><br \/><br \/><strong>(1)\u00a0<\/strong>Es bestehen die gesetzlichen M\u00e4ngelhaftungsrechte.<br \/><br \/><strong>(2)<\/strong>\u00a0Als Verbraucher werden Sie gebeten, die Ware bei Lieferung umgehend auf Vollst\u00e4ndigkeit, offensichtliche M\u00e4ngel und Transportsch\u00e4den zu \u00fcberpr\u00fcfen und uns sowie dem Spediteur Beanstandungen schnellstm\u00f6glich mitzuteilen. Kommen Sie dem nicht nach, hat dies keine Auswirkung auf Ihre gesetzlichen Gew\u00e4hrleistungsanspr\u00fcche.<br \/><br \/><strong>(3)\u00a0<\/strong>Soweit ein Merkmal der Ware von den objektiven Anforderungen abweicht, gilt die Abweichung nur dann als vereinbart, wenn Sie vor Abgabe der Vertragserkl\u00e4rung durch uns \u00fcber selbige in Kenntnis gesetzt wurden und die Abweichung ausdr\u00fccklich und gesondert zwischen den Vertragsparteien vereinbart wurde.<br \/><br \/><strong>(4)<\/strong>\u00a0Soweit Sie Unternehmer sind, gilt abweichend von den vorstehenden Gew\u00e4hrleistungsregelungen:<br \/><br \/><strong>a)\u00a0\u00a0<\/strong>Als Beschaffenheit der Ware gelten nur unsere eigenen Angaben und die Produktbeschreibung des Herstellers als vereinbart, nicht jedoch sonstige Werbung, \u00f6ffentliche Anpreisungen und \u00c4u\u00dferungen des Herstellers.<br \/><br \/><strong>b)\u00a0\u00a0<\/strong>Bei M\u00e4ngeln leisten wir nach unserer Wahl Gew\u00e4hr durch Nachbesserung oder Nachlieferung.\u00a0Schl\u00e4gt die Mangelbeseitigung fehl, k\u00f6nnen Sie nach Ihrer Wahl Minderung verlangen oder vom Vertrag zur\u00fccktreten. Die M\u00e4ngelbeseitigung gilt nach erfolglosem zweiten Versuch als fehlgeschlagen, wenn sich nicht insbesondere aus der Art der Ware oder des Mangels oder den sonstigen Umst\u00e4nden etwas anderes ergibt. Im Falle der Nachbesserung m\u00fcssen wir nicht die erh\u00f6hten Kosten tragen, die durch die Verbringung der Ware an einen anderen Ort als den Erf\u00fcllungsort entstehen, sofern die Verbringung nicht dem bestimmungsgem\u00e4\u00dfen Gebrauch der Ware entspricht.<br \/><br \/><strong>c) \u00a0<\/strong>Die Gew\u00e4hrleistungsfrist betr\u00e4gt ein Jahr ab Ablieferung der Ware. Die Fristverk\u00fcrzung gilt nicht:<br \/><br \/>&#8211; f\u00fcr uns zurechenbare schuldhaft verursachte Sch\u00e4den aus der Verletzung des Lebens, des K\u00f6rpers oder der Gesundheit und bei vors\u00e4tzlich oder grob fahrl\u00e4ssig verursachten sonstigen Sch\u00e4den;<br \/>&#8211; soweit wir den Mangel arglistig verschwiegen oder eine Garantie f\u00fcr die Beschaffenheit der Sache \u00fcbernommen haben;<br \/>&#8211; bei Sachen, die entsprechend ihrer \u00fcblichen Verwendungsweise f\u00fcr ein Bauwerk verwendet worden sind und dessen Mangelhaftigkeit verursacht haben;<br \/>&#8211; bei gesetzlichen R\u00fcckgriffsanspr\u00fcchen, die Sie im Zusammenhang mit M\u00e4ngelrechten gegen uns haben.<br \/><br \/><strong>\u00a7 7 Rechtswahl, Erf\u00fcllungsort, Gerichtsstand<\/strong><br \/><br \/><strong>(1)\u00a0<\/strong>\u00a0Es gilt deutsches Recht. Bei Verbrauchern gilt diese Rechtswahl nur, soweit hierdurch der durch zwingende Bestimmungen des Rechts des Staates des gew\u00f6hnlichen Aufenthaltes des Verbrauchers gew\u00e4hrte Schutz nicht entzogen wird (G\u00fcnstigkeitsprinzip).<br \/><br \/><strong>(2)<\/strong>\u00a0\u00a0Erf\u00fcllungsort f\u00fcr alle Leistungen aus den mit uns bestehenden Gesch\u00e4ftsbeziehungen sowie Gerichtsstand ist unser Sitz, soweit Sie nicht Verbraucher, sondern Kaufmann, juristische Person des \u00f6ffentlichen Rechts oder \u00f6ffentlich-rechtliches Sonderverm\u00f6gen sind.\u00a0Dasselbe gilt, wenn Sie keinen allgemeinen Gerichtsstand in Deutschland oder der EU haben oder der Wohnsitz oder gew\u00f6hnliche Aufenthalt im Zeitpunkt der Klageerhebung nicht bekannt ist. Die Befugnis, auch das Gericht an einem anderen gesetzlichen Gerichtsstand anzurufen, bleibt hiervon unber\u00fchrt.<br \/><br \/><strong>(3)<\/strong>\u00a0 Die Bestimmungen des UN-Kaufrechts finden ausdr\u00fccklich keine Anwendung.<br \/><br \/>\u00a0<\/p><hr \/><p><br \/><br \/><strong>II. Kundeninformationen<\/strong><br \/><br \/><strong>1. Identit\u00e4t des Verk\u00e4ufers<\/strong><br \/><br \/>FrigoXpert<br \/>Inh. Andreas Thomas<\/p><p>Hardermark 4<br \/>76316 Malsch<br \/>Deutschland<br \/>Telefon: +497246 445370 0<br \/>E-Mail:\u00a0info@kaelteheld.com<br \/><br \/><br \/><strong>Alternative Streitbeilegung:<\/strong><br \/>Die Europ\u00e4ische Kommission stellt eine Plattform f\u00fcr die au\u00dfergerichtliche Online-Streitbeilegung (OS-Plattform) bereit, aufrufbar unter\u00a0<a href=\"https:\/\/ec.europa.eu\/odr\" target=\"_blank\" rel=\"noopener\">https:\/\/ec.europa.eu\/odr<\/a>.<br \/><br \/><strong>2. Informationen zum Zustandekommen des Vertrages<\/strong><br \/><br \/>Die technischen Schritte zum Vertragsschluss, der Vertragsschluss selbst und die Korrekturm\u00f6glichkeiten erfolgen nach Ma\u00dfgabe der Regelungen &#8222;Zustandekommen des Vertrages&#8220; unserer Allgemeinen Gesch\u00e4ftsbedingungen (Teil I.).<br \/><br \/><strong>3. Vertragssprache, Vertragstextspeicherung<\/strong><br \/><br \/>3.1. Vertragssprache ist deutsch\u00a0.<br \/><br \/>3.2. Der vollst\u00e4ndige Vertragstext wird von uns nicht gespeichert. Vor Absenden der Bestellung\u00a0\u00fcber das Online &#8211; Warenkorbsystem\u00a0\u00a0k\u00f6nnen die Vertragsdaten \u00fcber die Druckfunktion des Browsers ausgedruckt oder elektronisch gesichert werden. Nach Zugang der Bestellung bei uns werden die Bestelldaten, die gesetzlich vorgeschriebenen Informationen bei Fernabsatzvertr\u00e4gen und die Allgemeinen Gesch\u00e4ftsbedingungen nochmals per E-Mail an Sie \u00fcbersandt.<br \/><br \/>3.3. Bei Angebotsanfragen au\u00dferhalb des Online-Warenkorbsystems erhalten Sie alle Vertragsdaten im Rahmen eines verbindlichen Angebotes in Textform \u00fcbersandt, z.B. per E-Mail, welche Sie ausdrucken oder elektronisch sichern k\u00f6nnen.<br \/><br \/><strong>4. Wesentliche Merkmale der Ware oder Dienstleistung<\/strong><br \/><br \/>Die wesentlichen Merkmale der Ware und\/oder Dienstleistung finden sich im jeweiligen Angebot.<br \/><br \/><strong>5. Preise und Zahlungsmodalit\u00e4ten<\/strong><br \/><br \/>5.1. Die in den jeweiligen Angeboten angef\u00fchrten Preise sowie die Versandkosten stellen Gesamtpreise dar. Sie beinhalten alle Preisbestandteile einschlie\u00dflich aller anfallenden Steuern.<br \/><br \/>5.2. Die anfallenden Versandkosten sind nicht im Kaufpreis enthalten.\u00a0Sie sind \u00fcber eine entsprechend bezeichnete Schaltfl\u00e4che auf unserer Internetpr\u00e4senz oder im jeweiligen Angebot aufrufbar,\u00a0werden im Laufe des Bestellvorganges gesondert ausgewiesen und sind von Ihnen zus\u00e4tzlich zu tragen, soweit nicht die versandkostenfreie Lieferung zugesagt ist.<br \/><br \/>5.3. Erfolgt die Lieferung in L\u00e4nder au\u00dferhalb der Europ\u00e4ischen Union k\u00f6nnen von uns nicht zu vertretende weitere Kosten anfallen, wie z.B. Z\u00f6lle, Steuern oder Geld\u00fcbermittlungsgeb\u00fchren (\u00dcberweisungs- oder Wechselkursgeb\u00fchren der Kreditinstitute), die von Ihnen zu tragen sind.\u00a0<br \/><br \/>5.4.\u00a0Entstandene Kosten der Geld\u00fcbermittlung\u00a0(\u00dcberweisungs- oder Wechselkursgeb\u00fchren der Kreditinstitute)\u00a0sind von Ihnen\u00a0in den F\u00e4llen zu tragen, in denen die Lieferung in einen EU-Mitgliedsstaat erfolgt, die Zahlung aber au\u00dferhalb der Europ\u00e4ischen Union veranlasst wurde.<br \/><br \/>5.5. Die Ihnen zur Verf\u00fcgung stehenden Zahlungsarten\u00a0sind unter einer entsprechend bezeichneten Schaltfl\u00e4che auf unserer Internetpr\u00e4senz oder im jeweiligen Angebot ausgewiesen.<br \/><br \/>5.6. Soweit bei den einzelnen Zahlungsarten nicht anders angegeben, sind die Zahlungsanspr\u00fcche aus dem geschlossenen Vertrag sofort zur Zahlung f\u00e4llig.<br \/><br \/><strong>6. Lieferbedingungen<\/strong><br \/><br \/>6.1. Die Lieferbedingungen, der Liefertermin sowie gegebenenfalls bestehende Lieferbeschr\u00e4nkungen finden sich unter einer entsprechend bezeichneten Schaltfl\u00e4che auf unserer Internetpr\u00e4senz oder im jeweiligen Angebot.<br \/><br \/>6.2. Soweit Sie Verbraucher sind ist gesetzlich geregelt, dass die Gefahr des zuf\u00e4lligen Untergangs und der zuf\u00e4lligen Verschlechterung der verkauften Sache w\u00e4hrend der Versendung erst mit der \u00dcbergabe der Ware an Sie \u00fcbergeht, unabh\u00e4ngig davon, ob die Versendung versichert oder unversichert erfolgt. Dies gilt nicht, wenn Sie eigenst\u00e4ndig ein nicht vom Unternehmer benanntes Transportunternehmen oder eine sonst zur Ausf\u00fchrung der Versendung bestimmte Person beauftragt haben.<br \/><br \/>Sind Sie Unternehmer, erfolgt die Lieferung und Versendung auf Ihre Gefahr.<br \/><br \/><strong>7. Gesetzliches M\u00e4ngelhaftungsrecht<\/strong><br \/><br \/>Die M\u00e4ngelhaftung richtet sich nach der Regelung &#8222;Gew\u00e4hrleistung&#8220; in unseren Allgemeinen Gesch\u00e4ftsbedingungen (Teil I).<br \/><br \/><strong>8. K\u00fcndigung<\/strong><br \/><br \/>8.1.\u00a0Informationen zur K\u00fcndigung des Vertrages sowie den K\u00fcndigungsbedingungen finden Sie in den Regelungen zu &#8222;Montageleistungen&#8220; in unseren Allgemeinen Gesch\u00e4ftsbedingungen (Teil I), sowie im jeweiligen Angebot.<br \/><br \/>Diese AGB und Kundeninformationen wurden von den auf IT-Recht spezialisierten Juristen des H\u00e4ndlerbundes erstellt und werden permanent auf Rechtskonformit\u00e4t gepr\u00fcft. Die H\u00e4ndlerbund Management AG garantiert f\u00fcr die Rechtssicherheit der Texte und haftet im Falle von Abmahnungen. N\u00e4here Informationen dazu finden Sie unter:\u00a0<a href=\"https:\/\/www.haendlerbund.de\/de\/leistungen\/rechtssicherheit\/agb-service\" target=\"_blank\" rel=\"noopener\" data-saferedirecturl=\"https:\/\/www.google.com\/url?q=https:\/\/www.haendlerbund.de\/de\/leistungen\/rechtssicherheit\/agb-service&amp;source=gmail&amp;ust=1595571225131000&amp;usg=AFQjCNFRXstfsBqXtZxEv0RC9XDgevh1EQ\">https:\/\/www.haendlerbund.de\/<wbr \/>de\/leistungen\/<wbr \/>rechtssicherheit\/agb-service<\/a>.<br \/><br \/><br \/><b>Erg\u00e4nzende Allgemeine Gesch\u00e4ftsbedingungen zum easyCredit-Ratenkauf<\/b><br \/><br \/><b>\u00a01. Geltungsbereich und allgemeine Nutzungsbedingungen\u00a0<\/b><br \/>Die nachfolgenden erg\u00e4nzenden Allgemeinen Gesch\u00e4ftsbedingungen (im folgenden AGB) gelten zwischen Ihnen und dem H\u00e4ndler f\u00fcr alle mit dem H\u00e4ndler geschlossenen Vertr\u00e4ge, bei denen der easyCredit-Ratenkauf (im folgenden Ratenkauf) genutzt wird. Die erg\u00e4nzenden AGB haben im Konfliktfall Vorrang vor anderslautenden Allgemeinen Gesch\u00e4ftsbedingungen des H\u00e4ndlers. Ein Ratenkauf ist nur f\u00fcr Kunden m\u00f6glich, die Verbraucher gem. \u00a7 13 BGB sind und das 18. Lebensjahr vollendet haben.\u00a0<br \/><b>\u00a0<br \/>2. Ratenkauf\u00a0<\/b><br \/>F\u00fcr Ihren Kauf stellt Ihnen der H\u00e4ndler mit Unterst\u00fctzung der TeamBank AG N\u00fcrnberg, Beuthener Stra\u00dfe 25, 90471 N\u00fcrnberg (im folgenden TeamBank AG) den Ratenkauf als weitere Zahlungsm\u00f6glichkeit bereit. Der H\u00e4ndler beh\u00e4lt sich vor, Ihre Bonit\u00e4t zu pr\u00fcfen. Die n\u00e4heren Einzelheiten entnehmen Sie bitte dem Ratenkauf-Datenschutzhinweis in der Bestellstrecke. Sollte aufgrund nicht ausreichender Bonit\u00e4t oder des Erreichens der H\u00e4ndler-Umsatzgrenze die Nutzung des Ratenkaufs nicht m\u00f6glich sein, beh\u00e4lt sich der H\u00e4ndler vor, Ihnen eine alternative Zahlungsm\u00f6glichkeit anzubieten. Der Vertrag \u00fcber einen Ratenkauf kommt zwischen Ihnen und dem H\u00e4ndler zustande. Es erfolgt keine Auszahlung, sondern mit dem Ratenkauf entscheiden Sie sich f\u00fcr eine Abzahlung des Kaufpreises in monatlichen Raten. \u00dcber eine fest vereinbarte Laufzeit sind dabei monatliche Raten zu zahlen, wobei die Schlussrate unter Umst\u00e4nden von den vorherigen Ratenbetr\u00e4gen abweicht. Das Eigentum an der Ware bleibt bis zur vollst\u00e4ndigen Bezahlung vorbehalten. Die bei Nutzung des Ratenkaufs entstanden Forderungen werden im Rahmen eines laufenden Factoringvertrages vom H\u00e4ndler an die TeamBank AG abgetreten. Zahlungen k\u00f6nnen mit schuldbefreiender Wirkung ausschlie\u00dflich an die TeamBank AG geleistet werden. Abgesehen von der allgemeinen Gewerbeaufsicht unterliegt der H\u00e4ndler keiner Aufsicht durch eine Aufsichtsbeh\u00f6rde. Beschwerden k\u00f6nnen Sie per Brief oder eMail an den H\u00e4ndler richten.\u00a0<br \/>\u00a0<br \/><strong>3. Ratenzahlung per SEPA-Lastschrift<\/strong>\u00a0<br \/>Durch das mit dem Ratenkauf erteilte SEPA-Lastschriftmandat erm\u00e4chtigen Sie die TeamBank AG, die durch den Ratenkauf zu entrichtenden Zahlungen, von Ihrem im Bestellprozess angegebenen Girokonto bei dem dort angegebenen Kreditinstitut durch eine SEPA-Lastschrift einzuziehen. Der Einzug erfolgt fr\u00fchestens zum angegebenen Datum der PreNotifikation\/Vorabank\u00fcndigung. Ein sp\u00e4terer, zeitnaher Einzug kann erfolgen. Wenn zwischen der Pre-Notifikation und dem F\u00e4lligkeitsdatum eine Verringerung des Kaufpreisbetrags erfolgt (z.B. durch Gutschriften), so kann der abgebuchte Betrag von dem in der Pre-Notifikation genannten Betrag abweichen.<\/p><p>Sie haben daf\u00fcr Sorge zu tragen, dass zum Zeitpunkt der F\u00e4lligkeit Ihr Girokonto \u00fcber eine ausreichende Deckung verf\u00fcgt. Ihr Kreditinstitut ist nicht verpflichtet die Lastschrift einzul\u00f6sen, falls eine ausreichende Deckung des Girokontos nicht gegeben ist. Sollte es mangels erforderlicher Deckung des Girokontos, wegen eines unberechtigten Widerspruchs des Kontoinhabers oder aufgrund des Erl\u00f6schens des Girokontos zu einer R\u00fccklastschrift kommen, geraten Sie auch ohne gesonderte Mahnung in Verzug, es sei denn, die R\u00fccklastschrift resultiert aus einem Umstand, den Sie nicht zu vertreten haben. Von Ihrem Kreditinstitut der TeamBank AG berechnete Kosten f\u00fcr eine von Ihnen verschuldete R\u00fccklastschrift kann die TeamBank AG Ihnen gegen\u00fcber als Schaden geltend machen und ist von Ihnen zu erstatten. Ihnen bleibt der Nachweis eines geringeren oder gar keines Schadens bei der TeamBank AG vorbehalten. Befinden Sie sich in Verzug, ist die TeamBank AG berechtigt f\u00fcr jede Mahnung eine angemessene Mahngeb\u00fchr oder Verzugszinsen in H\u00f6he von f\u00fcnf Prozentpunkten \u00fcber dem jeweiligen Basiszinssatz der Europ\u00e4ischen Zentralbank zu berechnen. Aufgrund der hohen Kosten, welche mit einer R\u00fccklastschrift verbunden sind, bitten wir Sie im Falle eines R\u00fccktritts vom Kaufvertrag, einer Retoure oder einer Reklamation, der SEPALastschrift nicht zu widersprechen. In diesen F\u00e4llen erfolgt in Abstimmung mit dem H\u00e4ndler die R\u00fcckabwicklung der Zahlung durch R\u00fcck\u00fcberweisung des entsprechenden Betrags oder durch eine Gutschrift.<br \/><br \/>letzte Aktualisierung: 10.01.2025<\/p>\t\t\t\t\t\t\t\t<\/div>\n\t\t\t\t<\/div>\n\t\t\t\t<\/div>\n\t\t\t\t<\/div>\n\t\t\t\t<\/div>\n\t\t","protected":false},"excerpt":{"rendered":"<p>Allgemeine Gesch\u00e4ftsbedingungen und Kundeninformationen I. Allgemeine Gesch\u00e4ftsbedingungen \u00a7 1 Grundlegende Bestimmungen (1)\u00a0Die nachstehenden Gesch\u00e4ftsbedingungen gelten f\u00fcr Vertr\u00e4ge, die Sie mit uns als Anbieter\u00a0(FrigoXpert)\u00a0\u00fcber die Internetseite www.kaelteheld.com schlie\u00dfen. Soweit nicht anders vereinbart, wird der Einbeziehung gegebenenfalls von Ihnen verwendeter eigener Bedingungen widersprochen. (2)\u00a0Verbraucher im Sinne der nachstehenden Regelungen ist jede nat\u00fcrliche Person, die ein Rechtsgesch\u00e4ft zu [&hellip;]<\/p>\n","protected":false},"author":2,"featured_media":0,"parent":0,"menu_order":130,"comment_status":"closed","ping_status":"closed","template":"elementor_header_footer","meta":{"footnotes":""},"class_list":["post-611","page","type-page","status-publish","hentry"],"_links":{"self":[{"href":"https:\/\/frigoxpert.de\/index.php\/wp-json\/wp\/v2\/pages\/611","targetHints":{"allow":["GET"]}}],"collection":[{"href":"https:\/\/frigoxpert.de\/index.php\/wp-json\/wp\/v2\/pages"}],"about":[{"href":"https:\/\/frigoxpert.de\/index.php\/wp-json\/wp\/v2\/types\/page"}],"author":[{"embeddable":true,"href":"https:\/\/frigoxpert.de\/index.php\/wp-json\/wp\/v2\/users\/2"}],"replies":[{"embeddable":true,"href":"https:\/\/frigoxpert.de\/index.php\/wp-json\/wp\/v2\/comments?post=611"}],"version-history":[{"count":7,"href":"https:\/\/frigoxpert.de\/index.php\/wp-json\/wp\/v2\/pages\/611\/revisions"}],"predecessor-version":[{"id":723,"href":"https:\/\/frigoxpert.de\/index.php\/wp-json\/wp\/v2\/pages\/611\/revisions\/723"}],"wp:attachment":[{"href":"https:\/\/frigoxpert.de\/index.php\/wp-json\/wp\/v2\/media?parent=611"}],"curies":[{"name":"wp","href":"https:\/\/api.w.org\/{rel}","templated":true}]}}